{"id":24689,"date":"2025-06-18T02:06:50","date_gmt":"2025-06-17T19:06:50","guid":{"rendered":"https:\/\/orientalhorology.com\/?post_type=product&#038;p=24689"},"modified":"2025-06-30T11:40:02","modified_gmt":"2025-06-30T04:40:02","slug":"hermes-slim-quantieme-perpetuel-platinum-blue","status":"publish","type":"product","link":"https:\/\/orientalhorology.com\/en\/product\/hermes-slim-quantieme-perpetuel-platinum-blue\/","title":{"rendered":"Herm\u00e8s Slim Quanti\u00e8me Perp\u00e9tuel Platinum Blue"},"content":{"rendered":"<p>\u231a\ufe0fHerm\u00e8s Slim Quanti\u00e8me Perp\u00e9tuel Platinum Blue <\/p>\n<p>\ud83c\udf1f \u0e19\u0e32\u0e2c\u0e34\u0e01\u0e32\u0e1f\u0e31\u0e07\u0e01\u0e4c\u0e0a\u0e31\u0e19 Perpetual \u0e17\u0e35\u0e48\u0e14\u0e35\u0e44\u0e0b\u0e19\u0e4c\u0e2d\u0e2d\u0e01\u0e21\u0e32\u0e44\u0e14\u0e49\u0e40\u0e23\u0e35\u0e22\u0e1a\u0e2b\u0e23\u0e39\u0e21\u0e32\u0e01\u0e46 \u0e21\u0e32\u0e01\u0e31\u0e1a\u0e27\u0e31\u0e2a\u0e14\u0e38 Platinum \u0e17\u0e31\u0e49\u0e07\u0e40\u0e23\u0e37\u0e2d\u0e19 \u0e2b\u0e19\u0e49\u0e32\u0e1b\u0e31\u0e14\u0e02\u0e19\u0e32\u0e14 39.5 mm. \u0e2a\u0e35\u0e19\u0e49\u0e33\u0e40\u0e07\u0e34\u0e19 \u0e1a\u0e2d\u0e01\u0e1f\u0e31\u0e07\u0e01\u0e4c\u0e0a\u0e31\u0e19 Perpetual Calendar \u0e40\u0e2a\u0e23\u0e34\u0e21\u0e14\u0e49\u0e27\u0e22 Leap year, Time Zone, Day-Night \u0e41\u0e25\u0e30 Moonphase \u0e17\u0e35\u0e48\u0e17\u0e33\u0e21\u0e32\u0e08\u0e32\u0e01\u0e41\u0e1c\u0e48\u0e19 Aventurine \u0e41\u0e25\u0e30\u0e1e\u0e23\u0e30\u0e08\u0e31\u0e19\u0e17\u0e23\u0e4c\u0e17\u0e35\u0e48\u0e17\u0e33\u0e21\u0e32\u0e08\u0e32\u0e01\u0e21\u0e38\u0e01 \u0e40\u0e04\u0e23\u0e37\u0e48\u0e2d\u0e07 In House \u0e01\u0e25\u0e44\u0e01 Automatic \u0e43\u0e2b\u0e49\u0e21\u0e32\u0e40\u0e1b\u0e47\u0e19 Micro- Rotor \u0e04\u0e23\u0e31\u0e1a<\/p>\n<p>\ud83c\udf1f \u0e43\u0e2b\u0e49\u0e2d\u0e2d\u0e1f\u0e0a\u0e31\u0e48\u0e19\u0e21\u0e32\u0e40\u0e15\u0e47\u0e21\u0e17\u0e38\u0e01\u0e08\u0e38\u0e14 \u0e21\u0e32\u0e1e\u0e23\u0e49\u0e2d\u0e21\u0e01\u0e25\u0e48\u0e2d\u0e07\u0e43\u0e1a\u0e04\u0e23\u0e1a\u0e46 \u0e1b\u0e35 2017 \u0e41\u0e25\u0e30\u0e22\u0e31\u0e07\u0e40\u0e1b\u0e47\u0e19 Limited \u0e1c\u0e25\u0e34\u0e15\u0e40\u0e1e\u0e35\u0e22\u0e07 100 \u0e40\u0e23\u0e37\u0e2d\u0e19\u0e40\u0e17\u0e48\u0e32\u0e19\u0e31\u0e49\u0e19 <\/p>\n<p>\ud83d\udccc \u0e40\u0e2a\u0e19\u0e2d\u0e23\u0e32\u0e04\u0e32\u0e17\u0e35\u0e48 389,000 \u0e1a\u0e32\u0e17<\/p>\n","protected":false},"excerpt":{"rendered":"<p>\u231a\ufe0fHerm\u00e8s Slim Quanti\u00e8me Perp\u00e9tuel Platinum Blue <\/p>\n","protected":false},"featured_media":24690,"comment_status":"closed","ping_status":"closed","template":"","meta":{"_acf_changed":false},"product_brand":[],"product_cat":[15],"product_tag":[],"class_list":{"0":"post-24689","1":"product","2":"type-product","3":"status-publish","4":"has-post-thumbnail","6":"product_cat-uncategorized","8":"first","9":"outofstock","10":"shipping-taxable","11":"purchasable","12":"product-type-simple"},"acf":[],"_links":{"self":[{"href":"https:\/\/orientalhorology.com\/en\/wp-json\/wp\/v2\/product\/24689","targetHints":{"allow":["GET"]}}],"collection":[{"href":"https:\/\/orientalhorology.com\/en\/wp-json\/wp\/v2\/product"}],"about":[{"href":"https:\/\/orientalhorology.com\/en\/wp-json\/wp\/v2\/types\/product"}],"replies":[{"embeddable":true,"href":"https:\/\/orientalhorology.com\/en\/wp-json\/wp\/v2\/comments?post=24689"}],"wp:featuredmedia":[{"embeddable":true,"href":"https:\/\/orientalhorology.com\/en\/wp-json\/wp\/v2\/media\/24690"}],"wp:attachment":[{"href":"https:\/\/orientalhorology.com\/en\/wp-json\/wp\/v2\/media?parent=24689"}],"wp:term":[{"taxonomy":"product_brand","embeddable":true,"href":"https:\/\/orientalhorology.com\/en\/wp-json\/wp\/v2\/product_brand?post=24689"},{"taxonomy":"product_cat","embeddable":true,"href":"https:\/\/orientalhorology.com\/en\/wp-json\/wp\/v2\/product_cat?post=24689"},{"taxonomy":"product_tag","embeddable":true,"href":"https:\/\/orientalhorology.com\/en\/wp-json\/wp\/v2\/product_tag?post=24689"}],"curies":[{"name":"wp","href":"https:\/\/api.w.org\/{rel}","templated":true}]}}